{"id":815,"date":"2022-09-11T21:09:53","date_gmt":"2022-09-11T19:09:53","guid":{"rendered":"https:\/\/www.kmu-beratung-luftfahrt.de\/?page_id=815"},"modified":"2025-04-04T14:31:50","modified_gmt":"2025-04-04T12:31:50","slug":"umfrage-09-2022","status":"publish","type":"page","link":"https:\/\/www.kmu-beratung-luftfahrt.de\/index.php\/umfrage-09-2022\/","title":{"rendered":"Umfrage zur aktuellen Lage der KMU in der Luftfahrt"},"content":{"rendered":"\t\t<div data-elementor-type=\"wp-page\" data-elementor-id=\"815\" class=\"elementor elementor-815\" data-elementor-post-type=\"page\">\n\t\t\t\t<div class=\"elementor-element elementor-element-7aa2d60e e-flex e-con-boxed e-con e-parent\" data-id=\"7aa2d60e\" data-element_type=\"container\">\n\t\t\t\t\t<div class=\"e-con-inner\">\n\t\t\t\t<div class=\"elementor-element elementor-element-67cec56 elementor-widget elementor-widget-spacer\" data-id=\"67cec56\" data-element_type=\"widget\" data-widget_type=\"spacer.default\">\n\t\t\t\t<div class=\"elementor-widget-container\">\n\t\t\t\t\t\t\t<div class=\"elementor-spacer\">\n\t\t\t<div class=\"elementor-spacer-inner\"><\/div>\n\t\t<\/div>\n\t\t\t\t\t\t<\/div>\n\t\t\t\t<\/div>\n\t\t\t\t<div class=\"elementor-element elementor-element-47ad0f7 elementor-widget elementor-widget-text-editor\" data-id=\"47ad0f7\" data-element_type=\"widget\" data-widget_type=\"text-editor.default\">\n\t\t\t\t<div class=\"elementor-widget-container\">\n\t\t\t\t\t\t\t\t\t<h2>Umfrage zur aktuellen Lage der KMU in der Luftfahrt<\/h2>\t\t\t\t\t\t\t\t<\/div>\n\t\t\t\t<\/div>\n\t\t\t\t<div class=\"elementor-element elementor-element-940b229 elementor-widget elementor-widget-image\" data-id=\"940b229\" data-element_type=\"widget\" data-widget_type=\"image.default\">\n\t\t\t\t<div class=\"elementor-widget-container\">\n\t\t\t\t\t\t\t\t\t\t\t\t\t\t\t<img fetchpriority=\"high\" decoding=\"async\" width=\"1536\" height=\"213\" src=\"https:\/\/www.kmu-beratung-luftfahrt.de\/wp-content\/uploads\/2022\/09\/Banner_KMU_Beratung_Luftfahrt_Umfrage_2022-1536x213.jpg\" class=\"attachment-1536x1536 size-1536x1536 wp-image-816\" alt=\"Banner Umfrage\" srcset=\"https:\/\/www.kmu-beratung-luftfahrt.de\/wp-content\/uploads\/2022\/09\/Banner_KMU_Beratung_Luftfahrt_Umfrage_2022-1536x213.jpg 1536w, https:\/\/www.kmu-beratung-luftfahrt.de\/wp-content\/uploads\/2022\/09\/Banner_KMU_Beratung_Luftfahrt_Umfrage_2022-300x42.jpg 300w, https:\/\/www.kmu-beratung-luftfahrt.de\/wp-content\/uploads\/2022\/09\/Banner_KMU_Beratung_Luftfahrt_Umfrage_2022-1024x142.jpg 1024w, https:\/\/www.kmu-beratung-luftfahrt.de\/wp-content\/uploads\/2022\/09\/Banner_KMU_Beratung_Luftfahrt_Umfrage_2022-768x106.jpg 768w, https:\/\/www.kmu-beratung-luftfahrt.de\/wp-content\/uploads\/2022\/09\/Banner_KMU_Beratung_Luftfahrt_Umfrage_2022.jpg 1920w\" sizes=\"(max-width: 1536px) 100vw, 1536px\" \/>\t\t\t\t\t\t\t\t\t\t\t\t\t\t\t<\/div>\n\t\t\t\t<\/div>\n\t\t\t\t<div class=\"elementor-element elementor-element-744fff8 elementor-widget elementor-widget-text-editor\" data-id=\"744fff8\" data-element_type=\"widget\" data-widget_type=\"text-editor.default\">\n\t\t\t\t<div class=\"elementor-widget-container\">\n\t\t\t\t\t\t\t\t\t<p>Sehr geehrte Vertreterinnen und Vertreter der klein- und mittelst\u00e4ndischen Unternehmen,<\/p>\n<p>wir bedanken uns bei Ihnen f\u00fcr Ihre Unterst\u00fctzung bei unserer Umfrage zur aktuellen Lage der KMU in der Luftfahrt. Mit Ihrer Hilfe konnten wir die aktuelle Lage und strategische Ausrichtung von KMU in der Luftfahrtbranche analysieren, um f\u00fcr unser nationales Luftfahrtforschungsprogramm das Beratungs- und F\u00f6rderangebot optimal an die Bed\u00fcrfnisse der KMU anpassen zu k\u00f6nnen.<\/p>\n<h2>\u00dcbersicht zur Umfrage<\/h2>\n<p>Die Umfrage wurde von Teilnehmenden ausgef\u00fcllt, die zu 80% aus KMU bestanden und unterschiedliche Themenbereiche abdecken.<\/p>\t\t\t\t\t\t\t\t<\/div>\n\t\t\t\t<\/div>\n\t\t\t\t<div class=\"elementor-element elementor-element-6065cb4 elementor-widget elementor-widget-image\" data-id=\"6065cb4\" data-element_type=\"widget\" data-widget_type=\"image.default\">\n\t\t\t\t<div class=\"elementor-widget-container\">\n\t\t\t\t\t\t\t\t\t\t\t\t\t\t\t<img decoding=\"async\" width=\"1024\" height=\"459\" src=\"https:\/\/www.kmu-beratung-luftfahrt.de\/wp-content\/uploads\/2022\/11\/Uebersicht_Umfrage_KMU_Beratung_Luftfahrt.jpg\" class=\"attachment-1536x1536 size-1536x1536 wp-image-837\" alt=\"\u00dcbersicht zur Umfrage der KMU Beratung Luftfahrt\" srcset=\"https:\/\/www.kmu-beratung-luftfahrt.de\/wp-content\/uploads\/2022\/11\/Uebersicht_Umfrage_KMU_Beratung_Luftfahrt.jpg 1024w, https:\/\/www.kmu-beratung-luftfahrt.de\/wp-content\/uploads\/2022\/11\/Uebersicht_Umfrage_KMU_Beratung_Luftfahrt-300x134.jpg 300w, https:\/\/www.kmu-beratung-luftfahrt.de\/wp-content\/uploads\/2022\/11\/Uebersicht_Umfrage_KMU_Beratung_Luftfahrt-768x344.jpg 768w\" sizes=\"(max-width: 1024px) 100vw, 1024px\" \/>\t\t\t\t\t\t\t\t\t\t\t\t\t\t\t<\/div>\n\t\t\t\t<\/div>\n\t\t\t\t<div class=\"elementor-element elementor-element-0121bac elementor-widget elementor-widget-text-editor\" data-id=\"0121bac\" data-element_type=\"widget\" data-widget_type=\"text-editor.default\">\n\t\t\t\t<div class=\"elementor-widget-container\">\n\t\t\t\t\t\t\t\t\t<p>\u00dcbersicht zur Umfrage der KMU Beratung Luftfahrt (Bildquelle: DLR Projekttr\u00e4ger Luftfahrtforschung)<\/p>\n<h2>Auswirkungen vom Fachkr\u00e4ftemangel und Lieferkettenkonflikt auf Forschungsm\u00f6glichkeiten<\/h2>\n<p>Sowohl der Fachkr\u00e4ftemangel als auch der Lieferkettenkonflikt haben bei den teilnehmenden KMU einen Einfluss auf die Durchf\u00fchrung neuer Forschungsaktivit\u00e4ten. Ein erh\u00f6htes Risiko f\u00fcr die Forschungslandschaft k\u00f6nnte jedoch dadurch entstehen, dass durch einen Produktionsr\u00fcckgang aufgrund dieser Fachkr\u00e4fte- und Lieferkettenproblematik langfristig die finanziellen M\u00f6glichkeiten f\u00fcr die Luftfahrtforschung geschm\u00e4lert werden.<\/p>\t\t\t\t\t\t\t\t<\/div>\n\t\t\t\t<\/div>\n\t\t\t\t<div class=\"elementor-element elementor-element-d3d7e84 elementor-widget elementor-widget-image\" data-id=\"d3d7e84\" data-element_type=\"widget\" data-widget_type=\"image.default\">\n\t\t\t\t<div class=\"elementor-widget-container\">\n\t\t\t\t\t\t\t\t\t\t\t\t\t\t\t<img decoding=\"async\" width=\"1024\" height=\"446\" src=\"https:\/\/www.kmu-beratung-luftfahrt.de\/wp-content\/uploads\/2022\/11\/Auswirkung_auf_Forschung_Umfrage_KMU_Beratung_Luftfahrt.jpg\" class=\"attachment-1536x1536 size-1536x1536 wp-image-838\" alt=\"Diagramm Fachkr\u00e4ftemangel und Lieferkettenkonflikt\" srcset=\"https:\/\/www.kmu-beratung-luftfahrt.de\/wp-content\/uploads\/2022\/11\/Auswirkung_auf_Forschung_Umfrage_KMU_Beratung_Luftfahrt.jpg 1024w, https:\/\/www.kmu-beratung-luftfahrt.de\/wp-content\/uploads\/2022\/11\/Auswirkung_auf_Forschung_Umfrage_KMU_Beratung_Luftfahrt-300x131.jpg 300w, https:\/\/www.kmu-beratung-luftfahrt.de\/wp-content\/uploads\/2022\/11\/Auswirkung_auf_Forschung_Umfrage_KMU_Beratung_Luftfahrt-768x335.jpg 768w\" sizes=\"(max-width: 1024px) 100vw, 1024px\" \/>\t\t\t\t\t\t\t\t\t\t\t\t\t\t\t<\/div>\n\t\t\t\t<\/div>\n\t\t\t\t<div class=\"elementor-element elementor-element-0c0b575 elementor-widget elementor-widget-text-editor\" data-id=\"0c0b575\" data-element_type=\"widget\" data-widget_type=\"text-editor.default\">\n\t\t\t\t<div class=\"elementor-widget-container\">\n\t\t\t\t\t\t\t\t\t<p>Wie stark hemmt Sie der aktuelle Fachkr\u00e4ftemangel oder Lieferkettenkonflikt bei der Durchf\u00fchrung neuer Forschungsaktivit\u00e4ten? (Bildquelle: DLR Projekttr\u00e4ger Luftfahrtforschung)<\/p>\n<h2>Strategie und Schwerpunktthemen<\/h2>\n<p>Die Themen Nachhaltlichkeit, Dekarbonisierung und Kreislaufwirtschaft werden von mehr als der H\u00e4lfte der befragten als attraktive oder sehr attraktive Absatzm\u00e4rkte eingesch\u00e4tzt. Da viele der KMU auf Komponentenebene forschen und fertigen, ist ein Gro\u00dfteil der Teilnehmenden nicht durch die unklare technologie-strategische Ausrichtung der OEMs beeinflusst.<\/p>\t\t\t\t\t\t\t\t<\/div>\n\t\t\t\t<\/div>\n\t\t\t\t<div class=\"elementor-element elementor-element-51d7b9e elementor-widget elementor-widget-image\" data-id=\"51d7b9e\" data-element_type=\"widget\" data-widget_type=\"image.default\">\n\t\t\t\t<div class=\"elementor-widget-container\">\n\t\t\t\t\t\t\t\t\t\t\t\t\t\t\t<img loading=\"lazy\" decoding=\"async\" width=\"1024\" height=\"462\" src=\"https:\/\/www.kmu-beratung-luftfahrt.de\/wp-content\/uploads\/2022\/11\/Strategieergebnisse_Umfrage_KMU_Beratung_Luftfahrt.jpg\" class=\"attachment-1536x1536 size-1536x1536 wp-image-839\" alt=\"\u00dcbersicht Strategieergebnisse der Umfrage\" srcset=\"https:\/\/www.kmu-beratung-luftfahrt.de\/wp-content\/uploads\/2022\/11\/Strategieergebnisse_Umfrage_KMU_Beratung_Luftfahrt.jpg 1024w, https:\/\/www.kmu-beratung-luftfahrt.de\/wp-content\/uploads\/2022\/11\/Strategieergebnisse_Umfrage_KMU_Beratung_Luftfahrt-300x135.jpg 300w, https:\/\/www.kmu-beratung-luftfahrt.de\/wp-content\/uploads\/2022\/11\/Strategieergebnisse_Umfrage_KMU_Beratung_Luftfahrt-768x347.jpg 768w\" sizes=\"(max-width: 1024px) 100vw, 1024px\" \/>\t\t\t\t\t\t\t\t\t\t\t\t\t\t\t<\/div>\n\t\t\t\t<\/div>\n\t\t\t\t<div class=\"elementor-element elementor-element-b79322c elementor-widget elementor-widget-text-editor\" data-id=\"b79322c\" data-element_type=\"widget\" data-widget_type=\"text-editor.default\">\n\t\t\t\t<div class=\"elementor-widget-container\">\n\t\t\t\t\t\t\t\t\t<p>Strategische Ausrichtung bei den Themenfeldern der Luftfahrtforschung (Bildquelle: DLR Projekttr\u00e4ger Luftfahrtforschung)<\/p>\n<h2>Klimaneutrale Luftfahrt<\/h2>\n<p>Im Bereich der Klimaneutralen Luftfahrt werden in der Umfrage die Herausforderungen f\u00fcr die Forschung klar erkennbar. Gerade dem Bereich des Wasserstoffantriebs wird ein hohes Potential beigemessen, jedoch muss diesem Thema ein politischer und industrieller Wille voran gehen um Leitlinien und verl\u00e4ssliche Strukturen zu schaffen.<\/p>\n<p>Folgenderma\u00dfen stellt sich die Forschung zur Klimaneutralen Luftfahrt in unserer Stichprobe dar:<\/p>\t\t\t\t\t\t\t\t<\/div>\n\t\t\t\t<\/div>\n\t\t\t\t<div class=\"elementor-element elementor-element-b806c4b elementor-widget elementor-widget-image\" data-id=\"b806c4b\" data-element_type=\"widget\" data-widget_type=\"image.default\">\n\t\t\t\t<div class=\"elementor-widget-container\">\n\t\t\t\t\t\t\t\t\t\t\t\t\t\t\t<img loading=\"lazy\" decoding=\"async\" width=\"1170\" height=\"530\" src=\"https:\/\/www.kmu-beratung-luftfahrt.de\/wp-content\/uploads\/2023\/07\/Klimaneutrale_Luftfahrt_KMU_Beratung_Luftfahrt.jpg\" class=\"attachment-1536x1536 size-1536x1536 wp-image-902\" alt=\"Diagramm zu Unsicherheit, Status und Themen\" srcset=\"https:\/\/www.kmu-beratung-luftfahrt.de\/wp-content\/uploads\/2023\/07\/Klimaneutrale_Luftfahrt_KMU_Beratung_Luftfahrt.jpg 1170w, https:\/\/www.kmu-beratung-luftfahrt.de\/wp-content\/uploads\/2023\/07\/Klimaneutrale_Luftfahrt_KMU_Beratung_Luftfahrt-300x136.jpg 300w, https:\/\/www.kmu-beratung-luftfahrt.de\/wp-content\/uploads\/2023\/07\/Klimaneutrale_Luftfahrt_KMU_Beratung_Luftfahrt-1024x464.jpg 1024w, https:\/\/www.kmu-beratung-luftfahrt.de\/wp-content\/uploads\/2023\/07\/Klimaneutrale_Luftfahrt_KMU_Beratung_Luftfahrt-768x348.jpg 768w\" sizes=\"(max-width: 1170px) 100vw, 1170px\" \/>\t\t\t\t\t\t\t\t\t\t\t\t\t\t\t<\/div>\n\t\t\t\t<\/div>\n\t\t\t\t<div class=\"elementor-element elementor-element-4a13305 elementor-widget elementor-widget-text-editor\" data-id=\"4a13305\" data-element_type=\"widget\" data-widget_type=\"text-editor.default\">\n\t\t\t\t<div class=\"elementor-widget-container\">\n\t\t\t\t\t\t\t\t\t<p>Ergebnisse zum Themenfeld Klimaneutrale Luftfahrt (Bildquelle: Projekttr\u00e4ger Luftfahrtforschung)<\/p>\n<p>Insgesamt ergibt sich das Meinungsbild in der Forschungsgemeinschaft, dass auf neue technische Herausforderungen im Bereich der Klimaneutralen Luftfahrt seitens der Forschung schnell reagiert werden muss, die Entwicklung der Technologien sich jedoch als aufwendig und kostenintensiv darstellt. Dies stellt insbesondere KMU h\u00e4ufig vor finanzielle und personelle Herausforderungen.<\/p>\n<p>Als weiterer Schwerpunkt und Herausforderung in der Forschung wird das Wasserstoffhandling genannt, das beispielsweise den Tank, die Betankung etc. einbezieht.<\/p>\n<p>Im Bereich der Klimaneutralen Luftfahrt werden seitens der Teilnehmenden folgende Themen f\u00fcr kostenlose Informationsveranstaltungen oder Workshops gew\u00fcnscht:<\/p>\n<ul>\n<li>Thermomanagment und Werkstoffvertr\u00e4glichkeit<\/li>\n<li>Zulassungsthemen\/-Strategien<\/li>\n<li>Erprobungsplattformen<\/li>\n<li>Messtechnik, Validierung<\/li>\n<li>Vernetzung im Bereich Zero Emissionen und H2-Themen.<\/li>\n<\/ul>\n<h2>Themenfeld Antragsverfahren in der Luftfahrt<\/h2>\n<p>Die Ergebnisse zu den Antragsverfahren f\u00fcr F\u00f6rderungen in der Luftfahrtforschung zeigen auf, dass sowohl ein k\u00fcrzeres Antragsverfahren f\u00fcr einen k\u00fcrzeren F\u00f6rderzeitraum als auch ein l\u00e4ngeres, zweistufiges Antragsverfahren f\u00fcr einen l\u00e4ngeren F\u00f6rderzeitraum bevorzugt oder stark bevorzugt werden. Auff\u00e4llig ist jedoch, dass ein gro\u00dfer Anteil von \u00fcber 40% der Antwortenden ein k\u00fcrzeres Verfahren stark bevorzugen. Dieser Effekt ist in fast allem Themenfeldern der Forschungslandschaft in der Luftfahrt zu erkennen.<\/p>\t\t\t\t\t\t\t\t<\/div>\n\t\t\t\t<\/div>\n\t\t\t\t<div class=\"elementor-element elementor-element-8e1cea0 elementor-widget elementor-widget-image\" data-id=\"8e1cea0\" data-element_type=\"widget\" data-widget_type=\"image.default\">\n\t\t\t\t<div class=\"elementor-widget-container\">\n\t\t\t\t\t\t\t\t\t\t\t\t\t\t\t<img loading=\"lazy\" decoding=\"async\" width=\"1400\" height=\"614\" src=\"https:\/\/www.kmu-beratung-luftfahrt.de\/wp-content\/uploads\/2022\/11\/Antragsverfahren_KMU_Beratung_Luftfahrt.jpg\" class=\"attachment-1536x1536 size-1536x1536 wp-image-843\" alt=\"Diagramm Antragsverfahren KMU-Beratung Luftfahrt\" srcset=\"https:\/\/www.kmu-beratung-luftfahrt.de\/wp-content\/uploads\/2022\/11\/Antragsverfahren_KMU_Beratung_Luftfahrt.jpg 1400w, https:\/\/www.kmu-beratung-luftfahrt.de\/wp-content\/uploads\/2022\/11\/Antragsverfahren_KMU_Beratung_Luftfahrt-300x132.jpg 300w, https:\/\/www.kmu-beratung-luftfahrt.de\/wp-content\/uploads\/2022\/11\/Antragsverfahren_KMU_Beratung_Luftfahrt-1024x449.jpg 1024w, https:\/\/www.kmu-beratung-luftfahrt.de\/wp-content\/uploads\/2022\/11\/Antragsverfahren_KMU_Beratung_Luftfahrt-768x337.jpg 768w\" sizes=\"(max-width: 1400px) 100vw, 1400px\" \/>\t\t\t\t\t\t\t\t\t\t\t\t\t\t\t<\/div>\n\t\t\t\t<\/div>\n\t\t\t\t<div class=\"elementor-element elementor-element-2019b9c elementor-widget elementor-widget-text-editor\" data-id=\"2019b9c\" data-element_type=\"widget\" data-widget_type=\"text-editor.default\">\n\t\t\t\t<div class=\"elementor-widget-container\">\n\t\t\t\t\t\t\t\t\t<p>Ergebnisse zum Themenfeld Antragsverfahren (Bildquelle: Projekttr\u00e4ger Luftfahrtforschung)<\/p>\t\t\t\t\t\t\t\t<\/div>\n\t\t\t\t<\/div>\n\t\t\t\t<div class=\"elementor-element elementor-element-85ea823 elementor-widget elementor-widget-image\" data-id=\"85ea823\" data-element_type=\"widget\" data-widget_type=\"image.default\">\n\t\t\t\t<div class=\"elementor-widget-container\">\n\t\t\t\t\t\t\t\t\t\t\t\t\t\t\t<img loading=\"lazy\" decoding=\"async\" width=\"768\" height=\"211\" src=\"https:\/\/www.kmu-beratung-luftfahrt.de\/wp-content\/uploads\/2022\/09\/DLR_PT-LF_Logo_grau-768x211.jpg\" class=\"attachment-medium_large size-medium_large wp-image-818\" alt=\"Logo Projekttr\u00e4ger Luftfahrtforschung\" srcset=\"https:\/\/www.kmu-beratung-luftfahrt.de\/wp-content\/uploads\/2022\/09\/DLR_PT-LF_Logo_grau-768x211.jpg 768w, https:\/\/www.kmu-beratung-luftfahrt.de\/wp-content\/uploads\/2022\/09\/DLR_PT-LF_Logo_grau-300x82.jpg 300w, https:\/\/www.kmu-beratung-luftfahrt.de\/wp-content\/uploads\/2022\/09\/DLR_PT-LF_Logo_grau-1024x281.jpg 1024w, https:\/\/www.kmu-beratung-luftfahrt.de\/wp-content\/uploads\/2022\/09\/DLR_PT-LF_Logo_grau.jpg 1441w\" sizes=\"(max-width: 768px) 100vw, 768px\" \/>\t\t\t\t\t\t\t\t\t\t\t\t\t\t\t<\/div>\n\t\t\t\t<\/div>\n\t\t\t\t<div class=\"elementor-element elementor-element-304ee6b elementor-widget elementor-widget-image\" data-id=\"304ee6b\" data-element_type=\"widget\" data-widget_type=\"image.default\">\n\t\t\t\t<div class=\"elementor-widget-container\">\n\t\t\t\t\t\t\t\t\t\t\t\t\t\t\t<img loading=\"lazy\" decoding=\"async\" width=\"768\" height=\"791\" src=\"https:\/\/www.kmu-beratung-luftfahrt.de\/wp-content\/uploads\/2022\/09\/BMWK_Logo-mit-Foerderzusatz_de-768x791.png\" class=\"attachment-medium_large size-medium_large wp-image-819\" alt=\"Logo BMWK mit F\u00f6rderzusatz\" srcset=\"https:\/\/www.kmu-beratung-luftfahrt.de\/wp-content\/uploads\/2022\/09\/BMWK_Logo-mit-Foerderzusatz_de-768x791.png 768w, https:\/\/www.kmu-beratung-luftfahrt.de\/wp-content\/uploads\/2022\/09\/BMWK_Logo-mit-Foerderzusatz_de-291x300.png 291w, https:\/\/www.kmu-beratung-luftfahrt.de\/wp-content\/uploads\/2022\/09\/BMWK_Logo-mit-Foerderzusatz_de-995x1024.png 995w, https:\/\/www.kmu-beratung-luftfahrt.de\/wp-content\/uploads\/2022\/09\/BMWK_Logo-mit-Foerderzusatz_de.png 1360w\" sizes=\"(max-width: 768px) 100vw, 768px\" \/>\t\t\t\t\t\t\t\t\t\t\t\t\t\t\t<\/div>\n\t\t\t\t<\/div>\n\t\t\t\t<div class=\"elementor-element elementor-element-738f21d elementor-widget elementor-widget-image\" data-id=\"738f21d\" data-element_type=\"widget\" data-widget_type=\"image.default\">\n\t\t\t\t<div class=\"elementor-widget-container\">\n\t\t\t\t\t\t\t\t\t\t\t\t\t\t\t<img loading=\"lazy\" decoding=\"async\" width=\"1536\" height=\"212\" src=\"https:\/\/www.kmu-beratung-luftfahrt.de\/wp-content\/uploads\/2022\/09\/Banner_KMU_Umfrage_Abschluss-1536x212.jpg\" class=\"attachment-1536x1536 size-1536x1536 wp-image-817\" alt=\"Banner Umfragenabschluss\" srcset=\"https:\/\/www.kmu-beratung-luftfahrt.de\/wp-content\/uploads\/2022\/09\/Banner_KMU_Umfrage_Abschluss-1536x212.jpg 1536w, https:\/\/www.kmu-beratung-luftfahrt.de\/wp-content\/uploads\/2022\/09\/Banner_KMU_Umfrage_Abschluss-300x41.jpg 300w, https:\/\/www.kmu-beratung-luftfahrt.de\/wp-content\/uploads\/2022\/09\/Banner_KMU_Umfrage_Abschluss-1024x141.jpg 1024w, https:\/\/www.kmu-beratung-luftfahrt.de\/wp-content\/uploads\/2022\/09\/Banner_KMU_Umfrage_Abschluss-768x106.jpg 768w, https:\/\/www.kmu-beratung-luftfahrt.de\/wp-content\/uploads\/2022\/09\/Banner_KMU_Umfrage_Abschluss.jpg 1920w\" sizes=\"(max-width: 1536px) 100vw, 1536px\" \/>\t\t\t\t\t\t\t\t\t\t\t\t\t\t\t<\/div>\n\t\t\t\t<\/div>\n\t\t\t\t<div class=\"elementor-element elementor-element-c504263 elementor-widget elementor-widget-spacer\" data-id=\"c504263\" data-element_type=\"widget\" data-widget_type=\"spacer.default\">\n\t\t\t\t<div class=\"elementor-widget-container\">\n\t\t\t\t\t\t\t<div class=\"elementor-spacer\">\n\t\t\t<div class=\"elementor-spacer-inner\"><\/div>\n\t\t<\/div>\n\t\t\t\t\t\t<\/div>\n\t\t\t\t<\/div>\n\t\t\t\t\t<\/div>\n\t\t\t\t<\/div>\n\t\t\t\t<\/div>\n\t\t","protected":false},"excerpt":{"rendered":"<p>Umfrage zur aktuellen Lage der KMU in der Luftfahrt Sehr geehrte Vertreterinnen und Vertreter der klein- und mittelst\u00e4ndischen Unternehmen, wir bedanken uns bei Ihnen f\u00fcr Ihre Unterst\u00fctzung bei unserer Umfrage zur aktuellen Lage der KMU in der Luftfahrt. Mit Ihrer Hilfe konnten wir die aktuelle Lage und strategische Ausrichtung von KMU in der Luftfahrtbranche analysieren, [&hellip;]<\/p>\n","protected":false},"author":2,"featured_media":0,"parent":0,"menu_order":0,"comment_status":"closed","ping_status":"closed","template":"","meta":{"site-sidebar-layout":"default","site-content-layout":"content-boxed-container","ast-site-content-layout":"default","site-content-style":"default","site-sidebar-style":"unboxed","ast-global-header-display":"","ast-banner-title-visibility":"","ast-main-header-display":"","ast-hfb-above-header-display":"","ast-hfb-below-header-display":"","ast-hfb-mobile-header-display":"","site-post-title":"","ast-breadcrumbs-content":"","ast-featured-img":"","footer-sml-layout":"","theme-transparent-header-meta":"default","adv-header-id-meta":"","stick-header-meta":"default","header-above-stick-meta":"","header-main-stick-meta":"","header-below-stick-meta":"","astra-migrate-meta-layouts":"set","ast-page-background-enabled":"default","ast-page-background-meta":{"desktop":{"background-color":"","background-image":"","background-repeat":"repeat","background-position":"center center","background-size":"auto","background-attachment":"scroll","background-type":"","background-media":"","overlay-type":"","overlay-color":"","overlay-opacity":"","overlay-gradient":""},"tablet":{"background-color":"","background-image":"","background-repeat":"repeat","background-position":"center center","background-size":"auto","background-attachment":"scroll","background-type":"","background-media":"","overlay-type":"","overlay-color":"","overlay-opacity":"","overlay-gradient":""},"mobile":{"background-color":"","background-image":"","background-repeat":"repeat","background-position":"center center","background-size":"auto","background-attachment":"scroll","background-type":"","background-media":"","overlay-type":"","overlay-color":"","overlay-opacity":"","overlay-gradient":""}},"ast-content-background-meta":{"desktop":{"background-color":"var(--ast-global-color-5)","background-image":"","background-repeat":"repeat","background-position":"center center","background-size":"auto","background-attachment":"scroll","background-type":"","background-media":"","overlay-type":"","overlay-color":"","overlay-opacity":"","overlay-gradient":""},"tablet":{"background-color":"var(--ast-global-color-5)","background-image":"","background-repeat":"repeat","background-position":"center center","background-size":"auto","background-attachment":"scroll","background-type":"","background-media":"","overlay-type":"","overlay-color":"","overlay-opacity":"","overlay-gradient":""},"mobile":{"background-color":"var(--ast-global-color-5)","background-image":"","background-repeat":"repeat","background-position":"center center","background-size":"auto","background-attachment":"scroll","background-type":"","background-media":"","overlay-type":"","overlay-color":"","overlay-opacity":"","overlay-gradient":""}},"iawp_total_views":25,"footnotes":""},"class_list":["post-815","page","type-page","status-publish","hentry"],"publishpress_future_action":{"enabled":false,"date":"2026-04-20 05:17:47","action":"change-status","newStatus":"draft","terms":[],"taxonomy":"","extraData":[]},"publishpress_future_workflow_manual_trigger":{"enabledWorkflows":[]},"_links":{"self":[{"href":"https:\/\/www.kmu-beratung-luftfahrt.de\/index.php\/wp-json\/wp\/v2\/pages\/815","targetHints":{"allow":["GET"]}}],"collection":[{"href":"https:\/\/www.kmu-beratung-luftfahrt.de\/index.php\/wp-json\/wp\/v2\/pages"}],"about":[{"href":"https:\/\/www.kmu-beratung-luftfahrt.de\/index.php\/wp-json\/wp\/v2\/types\/page"}],"author":[{"embeddable":true,"href":"https:\/\/www.kmu-beratung-luftfahrt.de\/index.php\/wp-json\/wp\/v2\/users\/2"}],"replies":[{"embeddable":true,"href":"https:\/\/www.kmu-beratung-luftfahrt.de\/index.php\/wp-json\/wp\/v2\/comments?post=815"}],"version-history":[{"count":0,"href":"https:\/\/www.kmu-beratung-luftfahrt.de\/index.php\/wp-json\/wp\/v2\/pages\/815\/revisions"}],"wp:attachment":[{"href":"https:\/\/www.kmu-beratung-luftfahrt.de\/index.php\/wp-json\/wp\/v2\/media?parent=815"}],"curies":[{"name":"wp","href":"https:\/\/api.w.org\/{rel}","templated":true}]}}