{"id":278,"date":"2020-09-18T14:04:49","date_gmt":"2020-09-18T12:04:49","guid":{"rendered":"https:\/\/www.lufo-info-day.de\/?page_id=278"},"modified":"2025-12-04T14:06:26","modified_gmt":"2025-12-04T13:06:26","slug":"foerdermittelberatung","status":"publish","type":"page","link":"https:\/\/www.kmu-beratung-luftfahrt.de\/index.php\/foerdermittelberatung\/","title":{"rendered":"F\u00f6rdermittelberatung"},"content":{"rendered":"\t\t<div data-elementor-type=\"wp-page\" data-elementor-id=\"278\" class=\"elementor elementor-278\" data-elementor-post-type=\"page\">\n\t\t\t\t<div class=\"elementor-element elementor-element-3a3fb2d3 e-flex e-con-boxed e-con e-parent\" data-id=\"3a3fb2d3\" data-element_type=\"container\">\n\t\t\t\t\t<div class=\"e-con-inner\">\n\t\t<div class=\"elementor-element elementor-element-2bba46e8 e-con-full e-flex e-con e-child\" data-id=\"2bba46e8\" data-element_type=\"container\" data-settings=\"{&quot;background_background&quot;:&quot;classic&quot;}\">\n\t\t\t\t<div class=\"elementor-element elementor-element-4c1a87b4 elementor-widget__width-initial elementor-widget elementor-widget-text-editor\" data-id=\"4c1a87b4\" data-element_type=\"widget\" data-widget_type=\"text-editor.default\">\n\t\t\t\t<div class=\"elementor-widget-container\">\n\t\t\t\t\t\t\t\t\t<h2 style=\"text-align: center;\">Beratung zu der Beantragung von F\u00f6rdermitteln f\u00fcr die Luftfahrtforschung<\/h2>\t\t\t\t\t\t\t\t<\/div>\n\t\t\t\t<\/div>\n\t\t\t\t<\/div>\n\t\t\t\t\t<\/div>\n\t\t\t\t<\/div>\n\t\t<div class=\"elementor-element elementor-element-ce892e5 e-flex e-con-boxed e-con e-parent\" data-id=\"ce892e5\" data-element_type=\"container\">\n\t\t\t\t\t<div class=\"e-con-inner\">\n\t\t\t\t<div class=\"elementor-element elementor-element-c12be0c elementor-widget elementor-widget-text-editor\" data-id=\"c12be0c\" data-element_type=\"widget\" data-widget_type=\"text-editor.default\">\n\t\t\t\t<div class=\"elementor-widget-container\">\n\t\t\t\t\t\t\t\t\t<p>Als Mitarbeitende des Projekttr\u00e4gers Luftfahrtforschung sind wir direkt in die F\u00f6rderprozesse des Bundes, der Bundesl\u00e4nder, sowie der EU eingebunden. Somit k\u00f6nnen wir Ihnen Auskunft zu der fachlichen und administrativen Abwicklung der Forschungsf\u00f6rderung geben.<\/p>\n<h4>Umfang der Beratung<\/h4>\n<p>Gerne k\u00f6nnen Sie unsere Ansprechpartner direkt kontaktieren oder \u00fcber unser Terminformular einen kostenlosen Beratungstermin buchen. In einem pers\u00f6nlichen Gespr\u00e4ch oder auch per E-Mail k\u00f6nnen wir gerne Ihre Ausgangslage und Fragestellungen zur Forschungsf\u00f6rderung besprechen. Bitte beachten Sie, dass wir Sie jedoch nicht aktiv bei dem Ausf\u00fcllen der F\u00f6rderantr\u00e4ge oder dem Erstellen der Texte f\u00fcr die Antr\u00e4ge unterst\u00fctzen d\u00fcrfen. Nat\u00fcrlich stehen wir Ihnen auch nach dem Beratungsgespr\u00e4ch noch jederzeit beratend zur Verf\u00fcgung, um offene Fragen zu kl\u00e4ren.<\/p>\t\t\t\t\t\t\t\t<\/div>\n\t\t\t\t<\/div>\n\t\t\t\t\t<\/div>\n\t\t\t\t<\/div>\n\t\t<div class=\"elementor-element elementor-element-a3ccc26 e-flex e-con-boxed e-con e-parent\" data-id=\"a3ccc26\" data-element_type=\"container\">\n\t\t\t\t\t<div class=\"e-con-inner\">\n\t\t\t\t<div class=\"elementor-element elementor-element-351cf38 elementor-widget elementor-widget-text-editor\" data-id=\"351cf38\" data-element_type=\"widget\" data-widget_type=\"text-editor.default\">\n\t\t\t\t<div class=\"elementor-widget-container\">\n\t\t\t\t\t\t\t\t\t<h3>Themenfelder der F\u00f6rdermittel-Beratung f\u00fcr Programme des Bundes, der Bundesl\u00e4nder, sowie der EU<\/h3>\t\t\t\t\t\t\t\t<\/div>\n\t\t\t\t<\/div>\n\t\t<div class=\"elementor-element elementor-element-b5b9420 e-grid e-con-full e-con e-child\" data-id=\"b5b9420\" data-element_type=\"container\">\n\t\t<div class=\"elementor-element elementor-element-8228968 e-con-full e-flex e-con e-child\" data-id=\"8228968\" data-element_type=\"container\">\n\t\t\t\t<div class=\"elementor-element elementor-element-c43c2a0 elementor-widget elementor-widget-image\" data-id=\"c43c2a0\" data-element_type=\"widget\" data-widget_type=\"image.default\">\n\t\t\t\t<div class=\"elementor-widget-container\">\n\t\t\t\t\t\t\t\t\t\t\t\t\t\t\t<img fetchpriority=\"high\" decoding=\"async\" width=\"768\" height=\"513\" src=\"https:\/\/www.kmu-beratung-luftfahrt.de\/wp-content\/uploads\/2022\/01\/Administration-768x513.jpg\" class=\"attachment-medium_large size-medium_large wp-image-632\" alt=\"Schmuckbild Reiterkarten mit Buchstaben\" srcset=\"https:\/\/www.kmu-beratung-luftfahrt.de\/wp-content\/uploads\/2022\/01\/Administration-768x513.jpg 768w, https:\/\/www.kmu-beratung-luftfahrt.de\/wp-content\/uploads\/2022\/01\/Administration-300x200.jpg 300w, https:\/\/www.kmu-beratung-luftfahrt.de\/wp-content\/uploads\/2022\/01\/Administration-1024x683.jpg 1024w, https:\/\/www.kmu-beratung-luftfahrt.de\/wp-content\/uploads\/2022\/01\/Administration-1536x1025.jpg 1536w, https:\/\/www.kmu-beratung-luftfahrt.de\/wp-content\/uploads\/2022\/01\/Administration-2048x1367.jpg 2048w\" sizes=\"(max-width: 768px) 100vw, 768px\" \/>\t\t\t\t\t\t\t\t\t\t\t\t\t\t\t<\/div>\n\t\t\t\t<\/div>\n\t\t\t\t<div class=\"elementor-element elementor-element-fcf28a6 elementor-widget elementor-widget-text-editor\" data-id=\"fcf28a6\" data-element_type=\"widget\" data-widget_type=\"text-editor.default\">\n\t\t\t\t<div class=\"elementor-widget-container\">\n\t\t\t\t\t\t\t\t\t<h4>Administrative Fragen<\/h4>\n<p>Unsere administrativen Mitarbeitende beraten Sie hinsichtlich der verwaltungsrechtlichen und betriebswirtschaftlichen Gestaltung von F\u00f6rderantr\u00e4gen. Dies beinhaltet beispielsweise auch Fragen zu Finanzierungspl\u00e4nen, Zahlungsabwicklungen etc. Unsere <a href=\"https:\/\/www.kmu-beratung-luftfahrt.de\/index.php\/kontakt\/\">administrativen Kolleginnen und Kollegen<\/a> stehen Ihnen gerne f\u00fcr eine Beratung zur Verf\u00fcgung.<\/p>\t\t\t\t\t\t\t\t<\/div>\n\t\t\t\t<\/div>\n\t\t\t\t<\/div>\n\t\t<div class=\"elementor-element elementor-element-522c09c e-con-full e-flex e-con e-child\" data-id=\"522c09c\" data-element_type=\"container\">\n\t\t\t\t<div class=\"elementor-element elementor-element-2543fcd elementor-widget elementor-widget-image\" data-id=\"2543fcd\" data-element_type=\"widget\" data-widget_type=\"image.default\">\n\t\t\t\t<div class=\"elementor-widget-container\">\n\t\t\t\t\t\t\t\t\t\t\t\t\t\t\t<img decoding=\"async\" width=\"768\" height=\"512\" src=\"https:\/\/www.kmu-beratung-luftfahrt.de\/wp-content\/uploads\/2022\/01\/Fachlich-1-768x512.jpg\" class=\"attachment-medium_large size-medium_large wp-image-638\" alt=\"Schmuckbild Drohne\" srcset=\"https:\/\/www.kmu-beratung-luftfahrt.de\/wp-content\/uploads\/2022\/01\/Fachlich-1-768x512.jpg 768w, https:\/\/www.kmu-beratung-luftfahrt.de\/wp-content\/uploads\/2022\/01\/Fachlich-1-300x200.jpg 300w, https:\/\/www.kmu-beratung-luftfahrt.de\/wp-content\/uploads\/2022\/01\/Fachlich-1.jpg 1024w\" sizes=\"(max-width: 768px) 100vw, 768px\" \/>\t\t\t\t\t\t\t\t\t\t\t\t\t\t\t<\/div>\n\t\t\t\t<\/div>\n\t\t\t\t<div class=\"elementor-element elementor-element-35c4bd4 elementor-widget elementor-widget-text-editor\" data-id=\"35c4bd4\" data-element_type=\"widget\" data-widget_type=\"text-editor.default\">\n\t\t\t\t<div class=\"elementor-widget-container\">\n\t\t\t\t\t\t\t\t\t<h4>Fachliche Fragen<\/h4>\n<p>Im F\u00f6rderverfahren reicht es meist nicht aus, nur eine gute Idee zu haben, sondern es ist notwendig diese auch verst\u00e4ndlich und zielgerichtet zu erkl\u00e4ren, sowie durch eine Darstellung SMARTER Ziele den Mehrwert des Vorhabens aufzuzeigen und zu erkl\u00e4ren, wie die Forschungsergebnisse in der Luftfahrt verwertet werden k\u00f6nnen. Gerne beraten unsere <a href=\"https:\/\/www.kmu-beratung-luftfahrt.de\/index.php\/kontakt\/\">fachlichen Mitarbeitenden<\/a> Sie hier.<\/p>\t\t\t\t\t\t\t\t<\/div>\n\t\t\t\t<\/div>\n\t\t\t\t<\/div>\n\t\t<div class=\"elementor-element elementor-element-169e4ef e-con-full e-flex e-con e-child\" data-id=\"169e4ef\" data-element_type=\"container\">\n\t\t\t\t<div class=\"elementor-element elementor-element-ee85314 elementor-widget elementor-widget-image\" data-id=\"ee85314\" data-element_type=\"widget\" data-widget_type=\"image.default\">\n\t\t\t\t<div class=\"elementor-widget-container\">\n\t\t\t\t\t\t\t\t\t\t\t\t\t\t\t<img decoding=\"async\" width=\"768\" height=\"513\" src=\"https:\/\/www.kmu-beratung-luftfahrt.de\/wp-content\/uploads\/2022\/01\/Bonitaet_PT_Luftfahrtforschung-768x513.jpg\" class=\"attachment-medium_large size-medium_large wp-image-601\" alt=\"Schmuckbild gestapelte Geldm\u00fcnzen\" srcset=\"https:\/\/www.kmu-beratung-luftfahrt.de\/wp-content\/uploads\/2022\/01\/Bonitaet_PT_Luftfahrtforschung-768x513.jpg 768w, https:\/\/www.kmu-beratung-luftfahrt.de\/wp-content\/uploads\/2022\/01\/Bonitaet_PT_Luftfahrtforschung-300x200.jpg 300w, https:\/\/www.kmu-beratung-luftfahrt.de\/wp-content\/uploads\/2022\/01\/Bonitaet_PT_Luftfahrtforschung-1024x683.jpg 1024w, https:\/\/www.kmu-beratung-luftfahrt.de\/wp-content\/uploads\/2022\/01\/Bonitaet_PT_Luftfahrtforschung-1536x1025.jpg 1536w, https:\/\/www.kmu-beratung-luftfahrt.de\/wp-content\/uploads\/2022\/01\/Bonitaet_PT_Luftfahrtforschung-2048x1367.jpg 2048w\" sizes=\"(max-width: 768px) 100vw, 768px\" \/>\t\t\t\t\t\t\t\t\t\t\t\t\t\t\t<\/div>\n\t\t\t\t<\/div>\n\t\t\t\t<div class=\"elementor-element elementor-element-e510183 elementor-widget elementor-widget-text-editor\" data-id=\"e510183\" data-element_type=\"widget\" data-widget_type=\"text-editor.default\">\n\t\t\t\t<div class=\"elementor-widget-container\">\n\t\t\t\t\t\t\t\t\t<h4>Bonit\u00e4tsfragen<\/h4>\n<p>Gerade bei KMU wird die Unternehmensbonit\u00e4t h\u00e4ufig zu einem nicht zu vernachl\u00e4ssigenden Faktor \u00fcber den Erfolg eines eingereichten F\u00f6rdervorhabens. Kontaktieren Sie gerne unsere <a href=\"https:\/\/www.kmu-beratung-luftfahrt.de\/index.php\/kontakt\/\">Ansprechpartner f\u00fcr Bonit\u00e4tsfragen<\/a> oder buchen Sie \u00fcber Link einen Termin f\u00fcr eine Bonit\u00e4tsberatung.<\/p>\t\t\t\t\t\t\t\t<\/div>\n\t\t\t\t<\/div>\n\t\t\t\t<\/div>\n\t\t\t\t<\/div>\n\t\t\t\t\t<\/div>\n\t\t\t\t<\/div>\n\t\t<div class=\"elementor-element elementor-element-5edfa86 e-flex e-con-boxed e-con e-parent\" data-id=\"5edfa86\" data-element_type=\"container\" data-settings=\"{&quot;background_background&quot;:&quot;classic&quot;}\">\n\t\t\t\t\t<div class=\"e-con-inner\">\n\t\t\t\t<div class=\"elementor-element elementor-element-a68aa08 elementor-widget elementor-widget-text-editor\" data-id=\"a68aa08\" data-element_type=\"widget\" data-widget_type=\"text-editor.default\">\n\t\t\t\t<div class=\"elementor-widget-container\">\n\t\t\t\t\t\t\t\t\t<h3 style=\"text-align: center;\">F\u00f6rderprogramme in der Luftfahrt<\/h3>\t\t\t\t\t\t\t\t<\/div>\n\t\t\t\t<\/div>\n\t\t\t\t<div class=\"elementor-element elementor-element-718ce67 elementor-widget elementor-widget-image\" data-id=\"718ce67\" data-element_type=\"widget\" data-widget_type=\"image.default\">\n\t\t\t\t<div class=\"elementor-widget-container\">\n\t\t\t\t\t\t\t\t\t\t\t\t\t\t\t<img loading=\"lazy\" decoding=\"async\" width=\"1536\" height=\"599\" src=\"https:\/\/www.kmu-beratung-luftfahrt.de\/wp-content\/uploads\/2025\/01\/AdobeStock_427667364-1536x599.png\" class=\"attachment-1536x1536 size-1536x1536 wp-image-1287\" alt=\"\" srcset=\"https:\/\/www.kmu-beratung-luftfahrt.de\/wp-content\/uploads\/2025\/01\/AdobeStock_427667364-1536x599.png 1536w, https:\/\/www.kmu-beratung-luftfahrt.de\/wp-content\/uploads\/2025\/01\/AdobeStock_427667364-300x117.png 300w, https:\/\/www.kmu-beratung-luftfahrt.de\/wp-content\/uploads\/2025\/01\/AdobeStock_427667364-1024x400.png 1024w, https:\/\/www.kmu-beratung-luftfahrt.de\/wp-content\/uploads\/2025\/01\/AdobeStock_427667364-768x300.png 768w, https:\/\/www.kmu-beratung-luftfahrt.de\/wp-content\/uploads\/2025\/01\/AdobeStock_427667364-2048x799.png 2048w\" sizes=\"(max-width: 1536px) 100vw, 1536px\" \/>\t\t\t\t\t\t\t\t\t\t\t\t\t\t\t<\/div>\n\t\t\t\t<\/div>\n\t\t\t\t<div class=\"elementor-element elementor-element-e1f404e elementor-widget elementor-widget-text-editor\" data-id=\"e1f404e\" data-element_type=\"widget\" data-widget_type=\"text-editor.default\">\n\t\t\t\t<div class=\"elementor-widget-container\">\n\t\t\t\t\t\t\t\t\t<p style=\"text-align: center;\">Eine Auswahl von interessanten F\u00f6rderungprogrammen f\u00fcr KMU in der Luftfahrt haben wir auf folgender Seite zusammengestellt:<\/p>\t\t\t\t\t\t\t\t<\/div>\n\t\t\t\t<\/div>\n\t\t\t\t<div class=\"elementor-element elementor-element-dca0f20 elementor-align-center elementor-widget elementor-widget-button\" data-id=\"dca0f20\" data-element_type=\"widget\" data-widget_type=\"button.default\">\n\t\t\t\t<div class=\"elementor-widget-container\">\n\t\t\t\t\t\t\t\t\t<div class=\"elementor-button-wrapper\">\n\t\t\t\t\t<a class=\"elementor-button elementor-button-link elementor-size-sm\" href=\"https:\/\/www.kmu-beratung-luftfahrt.de\/index.php\/liste_foerderprogramme\/\">\n\t\t\t\t\t\t<span class=\"elementor-button-content-wrapper\">\n\t\t\t\t\t\t\t\t\t<span class=\"elementor-button-text\">Liste mit F\u00f6rderprogrammen f\u00fcr die Luftfahrt<\/span>\n\t\t\t\t\t<\/span>\n\t\t\t\t\t<\/a>\n\t\t\t\t<\/div>\n\t\t\t\t\t\t\t\t<\/div>\n\t\t\t\t<\/div>\n\t\t\t\t<div class=\"elementor-element elementor-element-0278d56 elementor-widget elementor-widget-spacer\" data-id=\"0278d56\" data-element_type=\"widget\" data-widget_type=\"spacer.default\">\n\t\t\t\t<div class=\"elementor-widget-container\">\n\t\t\t\t\t\t\t<div class=\"elementor-spacer\">\n\t\t\t<div class=\"elementor-spacer-inner\"><\/div>\n\t\t<\/div>\n\t\t\t\t\t\t<\/div>\n\t\t\t\t<\/div>\n\t\t\t\t\t<\/div>\n\t\t\t\t<\/div>\n\t\t<div class=\"elementor-element elementor-element-322d314 e-flex e-con-boxed e-con e-parent\" data-id=\"322d314\" data-element_type=\"container\">\n\t\t\t\t\t<div class=\"e-con-inner\">\n\t\t\t\t<div class=\"elementor-element elementor-element-7cd58bc elementor-widget elementor-widget-spacer\" data-id=\"7cd58bc\" data-element_type=\"widget\" data-widget_type=\"spacer.default\">\n\t\t\t\t<div class=\"elementor-widget-container\">\n\t\t\t\t\t\t\t<div class=\"elementor-spacer\">\n\t\t\t<div class=\"elementor-spacer-inner\"><\/div>\n\t\t<\/div>\n\t\t\t\t\t\t<\/div>\n\t\t\t\t<\/div>\n\t\t\t\t\t<\/div>\n\t\t\t\t<\/div>\n\t\t<div class=\"elementor-element elementor-element-b42e7d1 e-flex e-con-boxed e-con e-parent\" data-id=\"b42e7d1\" data-element_type=\"container\">\n\t\t\t\t\t<div class=\"e-con-inner\">\n\t\t\t\t<div class=\"elementor-element elementor-element-2dcb830 elementor-widget elementor-widget-image\" data-id=\"2dcb830\" data-element_type=\"widget\" data-widget_type=\"image.default\">\n\t\t\t\t<div class=\"elementor-widget-container\">\n\t\t\t\t\t\t\t\t\t\t\t\t\t\t\t<img loading=\"lazy\" decoding=\"async\" width=\"1500\" height=\"643\" src=\"https:\/\/www.kmu-beratung-luftfahrt.de\/wp-content\/uploads\/2025\/04\/Netzwerk_Monitor.png\" class=\"attachment-1536x1536 size-1536x1536 wp-image-1483\" alt=\"\" srcset=\"https:\/\/www.kmu-beratung-luftfahrt.de\/wp-content\/uploads\/2025\/04\/Netzwerk_Monitor.png 1500w, https:\/\/www.kmu-beratung-luftfahrt.de\/wp-content\/uploads\/2025\/04\/Netzwerk_Monitor-300x129.png 300w, https:\/\/www.kmu-beratung-luftfahrt.de\/wp-content\/uploads\/2025\/04\/Netzwerk_Monitor-1024x439.png 1024w, https:\/\/www.kmu-beratung-luftfahrt.de\/wp-content\/uploads\/2025\/04\/Netzwerk_Monitor-768x329.png 768w\" sizes=\"(max-width: 1500px) 100vw, 1500px\" \/>\t\t\t\t\t\t\t\t\t\t\t\t\t\t\t<\/div>\n\t\t\t\t<\/div>\n\t\t\t\t<div class=\"elementor-element elementor-element-db07892 elementor-widget elementor-widget-text-editor\" data-id=\"db07892\" data-element_type=\"widget\" data-widget_type=\"text-editor.default\">\n\t\t\t\t<div class=\"elementor-widget-container\">\n\t\t\t\t\t\t\t\t\t<p>Ein qualitativ hochwertiges Netzwerk ist auch in der Luftfahrtbranche ein wesentlicher Schl\u00fcssel zum Erfolg. Zum Einen bringt der regelm\u00e4\u00dfige Austausch mit anderen Firmen neue Ideen und gute Diskussionen, den Kontakt mit m\u00f6glichen Kunden oder Forschungspartnern, aber auch R\u00fcckhalt um Fragen stellen zu k\u00f6nnen. Aus diesem Grund m\u00f6chten wir es gerade KMU in der Luftfahrt erm\u00f6glichen, einen Schritt in das Netzwerk der Luftfahrtbranche schaffen zu k\u00f6nnen.<\/p><p><a href=\"https:\/\/www.kmu-beratung-luftfahrt.de\/index.php\/matchmaking\/\">Zum Matchmaking<\/a><\/p>\t\t\t\t\t\t\t\t<\/div>\n\t\t\t\t<\/div>\n\t\t\t\t\t<\/div>\n\t\t\t\t<\/div>\n\t\t\t\t<\/div>\n\t\t","protected":false},"excerpt":{"rendered":"<p>Beratung zu der Beantragung von F\u00f6rdermitteln f\u00fcr die Luftfahrtforschung Als Mitarbeitende des Projekttr\u00e4gers Luftfahrtforschung sind wir direkt in die F\u00f6rderprozesse des Bundes, der Bundesl\u00e4nder, sowie der EU eingebunden. Somit k\u00f6nnen wir Ihnen Auskunft zu der fachlichen und administrativen Abwicklung der Forschungsf\u00f6rderung geben. Umfang der Beratung Gerne k\u00f6nnen Sie unsere Ansprechpartner direkt kontaktieren oder \u00fcber unser [&hellip;]<\/p>\n","protected":false},"author":1,"featured_media":0,"parent":0,"menu_order":0,"comment_status":"closed","ping_status":"closed","template":"","meta":{"site-sidebar-layout":"default","site-content-layout":"content-boxed-container","ast-site-content-layout":"default","site-content-style":"default","site-sidebar-style":"unboxed","ast-global-header-display":"","ast-banner-title-visibility":"","ast-main-header-display":"","ast-hfb-above-header-display":"","ast-hfb-below-header-display":"","ast-hfb-mobile-header-display":"","site-post-title":"","ast-breadcrumbs-content":"","ast-featured-img":"","footer-sml-layout":"","theme-transparent-header-meta":"default","adv-header-id-meta":"","stick-header-meta":"default","header-above-stick-meta":"","header-main-stick-meta":"","header-below-stick-meta":"","astra-migrate-meta-layouts":"set","ast-page-background-enabled":"default","ast-page-background-meta":{"desktop":{"background-color":"","background-image":"","background-repeat":"repeat","background-position":"center center","background-size":"auto","background-attachment":"scroll","background-type":"","background-media":"","overlay-type":"","overlay-color":"","overlay-opacity":"","overlay-gradient":""},"tablet":{"background-color":"","background-image":"","background-repeat":"repeat","background-position":"center center","background-size":"auto","background-attachment":"scroll","background-type":"","background-media":"","overlay-type":"","overlay-color":"","overlay-opacity":"","overlay-gradient":""},"mobile":{"background-color":"","background-image":"","background-repeat":"repeat","background-position":"center center","background-size":"auto","background-attachment":"scroll","background-type":"","background-media":"","overlay-type":"","overlay-color":"","overlay-opacity":"","overlay-gradient":""}},"ast-content-background-meta":{"desktop":{"background-color":"var(--ast-global-color-5)","background-image":"","background-repeat":"repeat","background-position":"center center","background-size":"auto","background-attachment":"scroll","background-type":"","background-media":"","overlay-type":"","overlay-color":"","overlay-opacity":"","overlay-gradient":""},"tablet":{"background-color":"var(--ast-global-color-5)","background-image":"","background-repeat":"repeat","background-position":"center center","background-size":"auto","background-attachment":"scroll","background-type":"","background-media":"","overlay-type":"","overlay-color":"","overlay-opacity":"","overlay-gradient":""},"mobile":{"background-color":"var(--ast-global-color-5)","background-image":"","background-repeat":"repeat","background-position":"center center","background-size":"auto","background-attachment":"scroll","background-type":"","background-media":"","overlay-type":"","overlay-color":"","overlay-opacity":"","overlay-gradient":""}},"iawp_total_views":160,"footnotes":""},"class_list":["post-278","page","type-page","status-publish","hentry"],"publishpress_future_action":{"enabled":false,"date":"2026-05-09 07:27:25","action":"change-status","newStatus":"draft","terms":[],"taxonomy":"","extraData":[]},"publishpress_future_workflow_manual_trigger":{"enabledWorkflows":[]},"_links":{"self":[{"href":"https:\/\/www.kmu-beratung-luftfahrt.de\/index.php\/wp-json\/wp\/v2\/pages\/278","targetHints":{"allow":["GET"]}}],"collection":[{"href":"https:\/\/www.kmu-beratung-luftfahrt.de\/index.php\/wp-json\/wp\/v2\/pages"}],"about":[{"href":"https:\/\/www.kmu-beratung-luftfahrt.de\/index.php\/wp-json\/wp\/v2\/types\/page"}],"author":[{"embeddable":true,"href":"https:\/\/www.kmu-beratung-luftfahrt.de\/index.php\/wp-json\/wp\/v2\/users\/1"}],"replies":[{"embeddable":true,"href":"https:\/\/www.kmu-beratung-luftfahrt.de\/index.php\/wp-json\/wp\/v2\/comments?post=278"}],"version-history":[{"count":8,"href":"https:\/\/www.kmu-beratung-luftfahrt.de\/index.php\/wp-json\/wp\/v2\/pages\/278\/revisions"}],"predecessor-version":[{"id":2194,"href":"https:\/\/www.kmu-beratung-luftfahrt.de\/index.php\/wp-json\/wp\/v2\/pages\/278\/revisions\/2194"}],"wp:attachment":[{"href":"https:\/\/www.kmu-beratung-luftfahrt.de\/index.php\/wp-json\/wp\/v2\/media?parent=278"}],"curies":[{"name":"wp","href":"https:\/\/api.w.org\/{rel}","templated":true}]}}