{"id":276,"date":"2020-09-18T14:00:29","date_gmt":"2020-09-18T12:00:29","guid":{"rendered":"https:\/\/www.lufo-info-day.de\/?page_id=276"},"modified":"2025-05-19T14:04:34","modified_gmt":"2025-05-19T12:04:34","slug":"ueber_uns","status":"publish","type":"page","link":"https:\/\/www.kmu-beratung-luftfahrt.de\/index.php\/ueber_uns\/","title":{"rendered":"\u00dcber uns"},"content":{"rendered":"\t\t<div data-elementor-type=\"wp-page\" data-elementor-id=\"276\" class=\"elementor elementor-276\" data-elementor-post-type=\"page\">\n\t\t\t\t<div class=\"elementor-element elementor-element-2d11ee72 e-flex e-con-boxed e-con e-parent\" data-id=\"2d11ee72\" data-element_type=\"container\">\n\t\t\t\t\t<div class=\"e-con-inner\">\n\t\t<div class=\"elementor-element elementor-element-6fd0cbc6 e-con-full e-flex e-con e-child\" data-id=\"6fd0cbc6\" data-element_type=\"container\" data-settings=\"{&quot;background_background&quot;:&quot;classic&quot;}\">\n\t\t\t\t<div class=\"elementor-element elementor-element-7c161475 elementor-widget__width-initial elementor-widget elementor-widget-text-editor\" data-id=\"7c161475\" data-element_type=\"widget\" data-widget_type=\"text-editor.default\">\n\t\t\t\t<div class=\"elementor-widget-container\">\n\t\t\t\t\t\t\t\t\t<h2 style=\"text-align: center;\">Beratungsstelle f\u00fcr KMU in der Luftfahrt<\/h2>\t\t\t\t\t\t\t\t<\/div>\n\t\t\t\t<\/div>\n\t\t\t\t<\/div>\n\t\t\t\t\t<\/div>\n\t\t\t\t<\/div>\n\t\t<div class=\"elementor-element elementor-element-199d0986 e-flex e-con-boxed e-con e-parent\" data-id=\"199d0986\" data-element_type=\"container\">\n\t\t\t\t\t<div class=\"e-con-inner\">\n\t\t\t\t<div class=\"elementor-element elementor-element-20286ab9 elementor-widget elementor-widget-text-editor\" data-id=\"20286ab9\" data-element_type=\"widget\" data-widget_type=\"text-editor.default\">\n\t\t\t\t<div class=\"elementor-widget-container\">\n\t\t\t\t\t\t\t\t\t<p>Die KMU Beratung Luftfahrt ist eine Einheit des <a href=\"https:\/\/www.dlr.de\/pt-lf\" target=\"_blank\" rel=\"noreferrer noopener\" aria-label=\" (opens in a new tab)\">Projekttr\u00e4gers Luftfahrtforschung<\/a>. Dieser unterst\u00fctzt das <a href=\"https:\/\/www.bmwk.de\/\" target=\"_blank\" rel=\"noreferrer noopener\" aria-label=\" (opens in a new tab)\">Bundesministerium f\u00fcr Wirtschaft und Energie<\/a> (BMWE) bei der Umsetzung des nationalen zivilen Luftfahrtforschungsprogramms des Bundes (LuFo) sowie die L\u00e4nder Bayern, Brandenburg, Bremen, Hamburg und Niedersachsen, die mit eigenen F\u00f6rderprogrammen das Bundesprogramm erg\u00e4nzen. Auch die Nationale Kontaktstelle Bereich Luftfahrt des Europ\u00e4ischen F\u00f6rderprogramms <a href=\"http:\/\/www.horizont-europa.de\/\" target=\"_blank\" rel=\"noreferrer noopener\">Horizont Europe<\/a> ist Teil des Projekttr\u00e4gers Luftfahrtforschung.<\/p><p>Zus\u00e4tzlich zu dem bestehenden Basis-Beratungsangebot und der Nationale Kontaktstelle f\u00fcr Unternehmen, Wissenschaft, Universit\u00e4ten und KMU wird mit dieser KMU-Beratungsstelle ein detailliertes, kostenloses Beratungsangebot angeboten, das speziell auf die Bed\u00fcrfnisse von KMU in der Luftfahrt ausgerichtet ist.<\/p>\t\t\t\t\t\t\t\t<\/div>\n\t\t\t\t<\/div>\n\t\t\t\t<div class=\"elementor-element elementor-element-83d5302 elementor-widget elementor-widget-spacer\" data-id=\"83d5302\" data-element_type=\"widget\" data-widget_type=\"spacer.default\">\n\t\t\t\t<div class=\"elementor-widget-container\">\n\t\t\t\t\t\t\t<div class=\"elementor-spacer\">\n\t\t\t<div class=\"elementor-spacer-inner\"><\/div>\n\t\t<\/div>\n\t\t\t\t\t\t<\/div>\n\t\t\t\t<\/div>\n\t\t\t\t\t<\/div>\n\t\t\t\t<\/div>\n\t\t\t\t<\/div>\n\t\t","protected":false},"excerpt":{"rendered":"<p>Beratungsstelle f\u00fcr KMU in der Luftfahrt Die KMU Beratung Luftfahrt ist eine Einheit des Projekttr\u00e4gers Luftfahrtforschung. Dieser unterst\u00fctzt das Bundesministerium f\u00fcr Wirtschaft und Energie (BMWE) bei der Umsetzung des nationalen zivilen Luftfahrtforschungsprogramms des Bundes (LuFo) sowie die L\u00e4nder Bayern, Brandenburg, Bremen, Hamburg und Niedersachsen, die mit eigenen F\u00f6rderprogrammen das Bundesprogramm erg\u00e4nzen. Auch die Nationale Kontaktstelle [&hellip;]<\/p>\n","protected":false},"author":1,"featured_media":0,"parent":0,"menu_order":0,"comment_status":"closed","ping_status":"closed","template":"","meta":{"site-sidebar-layout":"default","site-content-layout":"content-boxed-container","ast-site-content-layout":"default","site-content-style":"default","site-sidebar-style":"unboxed","ast-global-header-display":"","ast-banner-title-visibility":"","ast-main-header-display":"","ast-hfb-above-header-display":"","ast-hfb-below-header-display":"","ast-hfb-mobile-header-display":"","site-post-title":"","ast-breadcrumbs-content":"","ast-featured-img":"","footer-sml-layout":"","theme-transparent-header-meta":"default","adv-header-id-meta":"","stick-header-meta":"default","header-above-stick-meta":"","header-main-stick-meta":"","header-below-stick-meta":"","astra-migrate-meta-layouts":"set","ast-page-background-enabled":"default","ast-page-background-meta":{"desktop":{"background-color":"","background-image":"","background-repeat":"repeat","background-position":"center center","background-size":"auto","background-attachment":"scroll","background-type":"","background-media":"","overlay-type":"","overlay-color":"","overlay-opacity":"","overlay-gradient":""},"tablet":{"background-color":"","background-image":"","background-repeat":"repeat","background-position":"center center","background-size":"auto","background-attachment":"scroll","background-type":"","background-media":"","overlay-type":"","overlay-color":"","overlay-opacity":"","overlay-gradient":""},"mobile":{"background-color":"","background-image":"","background-repeat":"repeat","background-position":"center center","background-size":"auto","background-attachment":"scroll","background-type":"","background-media":"","overlay-type":"","overlay-color":"","overlay-opacity":"","overlay-gradient":""}},"ast-content-background-meta":{"desktop":{"background-color":"var(--ast-global-color-5)","background-image":"","background-repeat":"repeat","background-position":"center center","background-size":"auto","background-attachment":"scroll","background-type":"","background-media":"","overlay-type":"","overlay-color":"","overlay-opacity":"","overlay-gradient":""},"tablet":{"background-color":"var(--ast-global-color-5)","background-image":"","background-repeat":"repeat","background-position":"center center","background-size":"auto","background-attachment":"scroll","background-type":"","background-media":"","overlay-type":"","overlay-color":"","overlay-opacity":"","overlay-gradient":""},"mobile":{"background-color":"var(--ast-global-color-5)","background-image":"","background-repeat":"repeat","background-position":"center center","background-size":"auto","background-attachment":"scroll","background-type":"","background-media":"","overlay-type":"","overlay-color":"","overlay-opacity":"","overlay-gradient":""}},"iawp_total_views":70,"footnotes":""},"class_list":["post-276","page","type-page","status-publish","hentry"],"publishpress_future_action":{"enabled":false,"date":"2026-05-08 12:00:17","action":"change-status","newStatus":"draft","terms":[],"taxonomy":"","extraData":[]},"publishpress_future_workflow_manual_trigger":{"enabledWorkflows":[]},"_links":{"self":[{"href":"https:\/\/www.kmu-beratung-luftfahrt.de\/index.php\/wp-json\/wp\/v2\/pages\/276","targetHints":{"allow":["GET"]}}],"collection":[{"href":"https:\/\/www.kmu-beratung-luftfahrt.de\/index.php\/wp-json\/wp\/v2\/pages"}],"about":[{"href":"https:\/\/www.kmu-beratung-luftfahrt.de\/index.php\/wp-json\/wp\/v2\/types\/page"}],"author":[{"embeddable":true,"href":"https:\/\/www.kmu-beratung-luftfahrt.de\/index.php\/wp-json\/wp\/v2\/users\/1"}],"replies":[{"embeddable":true,"href":"https:\/\/www.kmu-beratung-luftfahrt.de\/index.php\/wp-json\/wp\/v2\/comments?post=276"}],"version-history":[{"count":4,"href":"https:\/\/www.kmu-beratung-luftfahrt.de\/index.php\/wp-json\/wp\/v2\/pages\/276\/revisions"}],"predecessor-version":[{"id":2027,"href":"https:\/\/www.kmu-beratung-luftfahrt.de\/index.php\/wp-json\/wp\/v2\/pages\/276\/revisions\/2027"}],"wp:attachment":[{"href":"https:\/\/www.kmu-beratung-luftfahrt.de\/index.php\/wp-json\/wp\/v2\/media?parent=276"}],"curies":[{"name":"wp","href":"https:\/\/api.w.org\/{rel}","templated":true}]}}