{"id":274,"date":"2020-09-18T13:58:20","date_gmt":"2020-09-18T11:58:20","guid":{"rendered":"https:\/\/www.lufo-info-day.de\/?page_id=274"},"modified":"2026-01-15T11:45:07","modified_gmt":"2026-01-15T10:45:07","slug":"liste_foerderprogramme","status":"publish","type":"page","link":"https:\/\/www.kmu-beratung-luftfahrt.de\/index.php\/liste_foerderprogramme\/","title":{"rendered":"\u00dcbersicht von F\u00f6rderprogrammen f\u00fcr die Luftfahrtforschung"},"content":{"rendered":"\t\t<div data-elementor-type=\"wp-page\" data-elementor-id=\"274\" class=\"elementor elementor-274\" data-elementor-post-type=\"page\">\n\t\t\t\t<div class=\"elementor-element elementor-element-37a1c0d4 e-flex e-con-boxed e-con e-parent\" data-id=\"37a1c0d4\" data-element_type=\"container\">\n\t\t\t\t\t<div class=\"e-con-inner\">\n\t\t\t\t<div class=\"elementor-element elementor-element-6d213c7 elementor-widget elementor-widget-spacer\" data-id=\"6d213c7\" data-element_type=\"widget\" data-widget_type=\"spacer.default\">\n\t\t\t\t<div class=\"elementor-widget-container\">\n\t\t\t\t\t\t\t<div class=\"elementor-spacer\">\n\t\t\t<div class=\"elementor-spacer-inner\"><\/div>\n\t\t<\/div>\n\t\t\t\t\t\t<\/div>\n\t\t\t\t<\/div>\n\t\t\t\t<div class=\"elementor-element elementor-element-d97e49c elementor-widget elementor-widget-text-editor\" data-id=\"d97e49c\" data-element_type=\"widget\" data-widget_type=\"text-editor.default\">\n\t\t\t\t<div class=\"elementor-widget-container\">\n\t\t\t\t\t\t\t\t\t<h2>\u00dcbersicht von F\u00f6rderprogrammen f\u00fcr die Luftfahrtforschung<\/h2>\n<p>Auf nationaler und europ\u00e4ischer Ebene werden zahlreiche F\u00f6rderprogramme f\u00fcr die Luftfahrtforschung angeboten.<br \/>Eine Auswahl an F\u00f6rderprogrammen finden Sie in folgender Liste:<\/p>\t\t\t\t\t\t\t\t<\/div>\n\t\t\t\t<\/div>\n\t\t\t\t<div class=\"elementor-element elementor-element-460983e checklist elementor-widget elementor-widget-text-editor\" data-id=\"460983e\" data-element_type=\"widget\" data-widget_type=\"text-editor.default\">\n\t\t\t\t<div class=\"elementor-widget-container\">\n\t\t\t\t\t\t\t\t\t<ul><li><strong>Luftfahrtforschungsprogramm<\/strong> (<a href=\"https:\/\/www.dlr.de\/de\/pt-lf\/foerderprogramme\/bundesebene\/das-luftfahrtforschungsprogramm-des-bundes-lufo-klima\" target=\"_blank\" rel=\"noopener\">https:\/\/www.dlr.de\/de\/pt-lf\/foerderprogramme\/bundesebene\/das-luftfahrtforschungsprogramm-des-bundes-lufo-klima<\/a>), n\u00e4chster Aufruf zur Skizzeneinreichung in 2026<\/li><li><strong>Luftfahrt-Entwicklungs-Darlehen<\/strong> (Anteilige Finanzierung der Entwicklungskosten ziviler Luftfahrzeugausr\u00fcster \u2013 <a href=\"https:\/\/www.bmwi.de\/Redaktion\/DE\/Artikel\/Technologie\/luftfahrttechnologien-03.html\" target=\"_blank\" rel=\"noopener\">https:\/\/www.bmwi.de\/Redaktion\/DE\/Artikel\/Technologie\/luftfahrttechnologien-03.html<\/a>)<\/li><li><strong>KMUinnovativ<\/strong> (<a href=\"https:\/\/www.bmbf.de\/DE\/Forschung\/Gesellschaft\/ZukunftDerArbeit\/KmuInnovativ\/kmuinnovativ_node.html\" target=\"_blank\" rel=\"noopener\">https:\/\/www.bmbf.de\/DE\/Forschung\/Gesellschaft\/ZukunftDerArbeit\/KmuInnovativ\/kmuinnovativ_node.html<\/a>),<br \/>Einzelbekanntmachungen im Rahmen von KMUinnovativ (<a href=\"https:\/\/www.foerderinfo.bund.de\/foerderinfo\/de\/foerderung\/bund\/kmu\/kmu-innovativ\/kmu-innovativ.html\" target=\"_blank\" rel=\"noopener\">https:\/\/www.foerderinfo.bund.de\/foerderinfo\/de\/foerderung\/bund\/kmu\/kmu-innovativ\/kmu-innovativ.html<\/a>)<\/li><li><strong>Zentrales Innovationsprogramm Mittelstand<\/strong> (ZIM \u2013 <a href=\"https:\/\/www.zim.de\/ZIM\/Redaktion\/DE\/Artikel\/ueber-zim.html\" target=\"_blank\" rel=\"noopener\">https:\/\/www.zim.de\/ZIM\/Redaktion\/DE\/Artikel\/ueber-zim.html<\/a>)<\/li><li><strong>Industrielle Gemeinschaftsforschung<\/strong> (IGF \u2013 <a href=\"https:\/\/www.aif.de\/foerderangebote\/igf-industrielle-gemeinschaftsforschung.html\" target=\"_blank\" rel=\"noopener\">https:\/\/www.aif.de\/foerderangebote\/igf-industrielle-gemeinschaftsforschung.html<\/a>)<\/li><li><strong>Go-inno<\/strong> (<a href=\"https:\/\/www.innovation-beratung-foerderung.de\/INNO\/Navigation\/DE\/go-inno\/go-inno.html\" target=\"_blank\" rel=\"noopener\">https:\/\/www.innovation-beratung-foerderung.de\/INNO\/Navigation\/DE\/go-inno\/go-inno.html<\/a>)<\/li><li><strong>Wissens- und Technologietransfer durch Patente und Normen<\/strong> (WIPANO \u2013 <a href=\"https:\/\/www.innovation-beratung-foerderung.de\/INNO\/Navigation\/DE\/WIPANO\/wipano.htm\" target=\"_blank\" rel=\"noopener\">https:\/\/www.innovation-beratung-foerderung.de\/INNO\/Navigation\/DE\/WIPANO\/wipano.htm<\/a>l)<\/li><li><strong>Horizon Europe<\/strong> (Rahmenprogramm, Clean Aviation Joint Undertakung, EIC-Accelerator \u2013 <a href=\"https:\/\/www.nks-eic-accelerator.de\/\" target=\"_blank\" rel=\"noopener\">https:\/\/www.nks-eic-accelerator.de\/<\/a> , <a href=\"https:\/\/www.nks-kem.de\/mobilitaet\/luftfahrt\" target=\"_blank\" rel=\"noopener\">https:\/\/www.nks-kem.de\/mobilitaet\/luftfahrt<\/a>)<\/li><li><strong>Agentur f\u00fcr Sprunginnovationen<\/strong> (SprinD \u2013 <a href=\"https:\/\/www.sprind.org\/de\/\" target=\"_blank\" rel=\"noopener\">https:\/\/www.sprind.org\/de\/<\/a>)<\/li><li><strong>mFund<\/strong> \u2013 Modernit\u00e4tsfonds des BMDV (<a href=\"https:\/\/bmdv.bund.de\/DE\/Themen\/Digitales\/mFund\/Ueberblick\/ueberblick.html\" target=\"_blank\" rel=\"noopener\">https:\/\/bmdv.bund.de\/DE\/Themen\/Digitales\/mFund\/Ueberblick\/ueberblick.html<\/a>)<\/li><li>EIF German Equity (Programmlinie von BMWE und EIF <a href=\"https:\/\/www.eif.org\/supporting-smes\/eif-near-me\/germany\">https:\/\/www.eif.org\/supporting-smes\/eif-near-me\/germany<\/a>)<\/li><\/ul>\t\t\t\t\t\t\t\t<\/div>\n\t\t\t\t<\/div>\n\t\t\t\t<div class=\"elementor-element elementor-element-bc86203 elementor-widget elementor-widget-html\" data-id=\"bc86203\" data-element_type=\"widget\" data-widget_type=\"html.default\">\n\t\t\t\t<div class=\"elementor-widget-container\">\n\t\t\t\t\t<style>.checklist ul {\r\n  list-style: none;\r\n  padding-left: 0;\r\n  \/* margin: 0; *\/\r\n}\r\n\r\n.checklist ul li {\r\n  position: relative;\r\n  padding-left: 30px;\r\n  margin-bottom: 10px;\r\n}\r\n\r\n.checklist ul li::before {\r\n  font-family: \"Font Awesome 5 Free\";\r\n  content: \"\\f058\";\r\n  font-weight: 300; \/* 900 'solid' Icons *\/\r\n  position: absolute;\r\n  left: 0;\r\n  top: -6px;\r\n  color: #999;\r\n  font-size: 20px;\r\n}\r\n<\/style>\t\t\t\t<\/div>\n\t\t\t\t<\/div>\n\t\t\t\t<div class=\"elementor-element elementor-element-59adcfd elementor-widget elementor-widget-spacer\" data-id=\"59adcfd\" data-element_type=\"widget\" data-widget_type=\"spacer.default\">\n\t\t\t\t<div class=\"elementor-widget-container\">\n\t\t\t\t\t\t\t<div class=\"elementor-spacer\">\n\t\t\t<div class=\"elementor-spacer-inner\"><\/div>\n\t\t<\/div>\n\t\t\t\t\t\t<\/div>\n\t\t\t\t<\/div>\n\t\t\t\t\t<\/div>\n\t\t\t\t<\/div>\n\t\t\t\t<\/div>\n\t\t","protected":false},"excerpt":{"rendered":"<p>\u00dcbersicht von F\u00f6rderprogrammen f\u00fcr die Luftfahrtforschung Auf nationaler und europ\u00e4ischer Ebene werden zahlreiche F\u00f6rderprogramme f\u00fcr die Luftfahrtforschung angeboten.Eine Auswahl an F\u00f6rderprogrammen finden Sie in folgender Liste: Luftfahrtforschungsprogramm (https:\/\/www.dlr.de\/de\/pt-lf\/foerderprogramme\/bundesebene\/das-luftfahrtforschungsprogramm-des-bundes-lufo-klima), n\u00e4chster Aufruf zur Skizzeneinreichung in 2026 Luftfahrt-Entwicklungs-Darlehen (Anteilige Finanzierung der Entwicklungskosten ziviler Luftfahrzeugausr\u00fcster \u2013 https:\/\/www.bmwi.de\/Redaktion\/DE\/Artikel\/Technologie\/luftfahrttechnologien-03.html) KMUinnovativ (https:\/\/www.bmbf.de\/DE\/Forschung\/Gesellschaft\/ZukunftDerArbeit\/KmuInnovativ\/kmuinnovativ_node.html),Einzelbekanntmachungen im Rahmen von KMUinnovativ (https:\/\/www.foerderinfo.bund.de\/foerderinfo\/de\/foerderung\/bund\/kmu\/kmu-innovativ\/kmu-innovativ.html) Zentrales Innovationsprogramm Mittelstand (ZIM \u2013 [&hellip;]<\/p>\n","protected":false},"author":1,"featured_media":0,"parent":0,"menu_order":0,"comment_status":"closed","ping_status":"closed","template":"","meta":{"site-sidebar-layout":"default","site-content-layout":"content-boxed-container","ast-site-content-layout":"default","site-content-style":"default","site-sidebar-style":"unboxed","ast-global-header-display":"","ast-banner-title-visibility":"","ast-main-header-display":"","ast-hfb-above-header-display":"","ast-hfb-below-header-display":"","ast-hfb-mobile-header-display":"","site-post-title":"","ast-breadcrumbs-content":"","ast-featured-img":"","footer-sml-layout":"","theme-transparent-header-meta":"default","adv-header-id-meta":"","stick-header-meta":"default","header-above-stick-meta":"","header-main-stick-meta":"","header-below-stick-meta":"","astra-migrate-meta-layouts":"set","ast-page-background-enabled":"default","ast-page-background-meta":{"desktop":{"background-color":"","background-image":"","background-repeat":"repeat","background-position":"center center","background-size":"auto","background-attachment":"scroll","background-type":"","background-media":"","overlay-type":"","overlay-color":"","overlay-opacity":"","overlay-gradient":""},"tablet":{"background-color":"","background-image":"","background-repeat":"repeat","background-position":"center center","background-size":"auto","background-attachment":"scroll","background-type":"","background-media":"","overlay-type":"","overlay-color":"","overlay-opacity":"","overlay-gradient":""},"mobile":{"background-color":"","background-image":"","background-repeat":"repeat","background-position":"center center","background-size":"auto","background-attachment":"scroll","background-type":"","background-media":"","overlay-type":"","overlay-color":"","overlay-opacity":"","overlay-gradient":""}},"ast-content-background-meta":{"desktop":{"background-color":"var(--ast-global-color-5)","background-image":"","background-repeat":"repeat","background-position":"center center","background-size":"auto","background-attachment":"scroll","background-type":"","background-media":"","overlay-type":"","overlay-color":"","overlay-opacity":"","overlay-gradient":""},"tablet":{"background-color":"var(--ast-global-color-5)","background-image":"","background-repeat":"repeat","background-position":"center center","background-size":"auto","background-attachment":"scroll","background-type":"","background-media":"","overlay-type":"","overlay-color":"","overlay-opacity":"","overlay-gradient":""},"mobile":{"background-color":"var(--ast-global-color-5)","background-image":"","background-repeat":"repeat","background-position":"center center","background-size":"auto","background-attachment":"scroll","background-type":"","background-media":"","overlay-type":"","overlay-color":"","overlay-opacity":"","overlay-gradient":""}},"iawp_total_views":242,"footnotes":""},"class_list":["post-274","page","type-page","status-publish","hentry"],"publishpress_future_action":{"enabled":false,"date":"2026-05-08 11:44:11","action":"change-status","newStatus":"draft","terms":[],"taxonomy":"","extraData":[]},"publishpress_future_workflow_manual_trigger":{"enabledWorkflows":[]},"_links":{"self":[{"href":"https:\/\/www.kmu-beratung-luftfahrt.de\/index.php\/wp-json\/wp\/v2\/pages\/274","targetHints":{"allow":["GET"]}}],"collection":[{"href":"https:\/\/www.kmu-beratung-luftfahrt.de\/index.php\/wp-json\/wp\/v2\/pages"}],"about":[{"href":"https:\/\/www.kmu-beratung-luftfahrt.de\/index.php\/wp-json\/wp\/v2\/types\/page"}],"author":[{"embeddable":true,"href":"https:\/\/www.kmu-beratung-luftfahrt.de\/index.php\/wp-json\/wp\/v2\/users\/1"}],"replies":[{"embeddable":true,"href":"https:\/\/www.kmu-beratung-luftfahrt.de\/index.php\/wp-json\/wp\/v2\/comments?post=274"}],"version-history":[{"count":4,"href":"https:\/\/www.kmu-beratung-luftfahrt.de\/index.php\/wp-json\/wp\/v2\/pages\/274\/revisions"}],"predecessor-version":[{"id":2270,"href":"https:\/\/www.kmu-beratung-luftfahrt.de\/index.php\/wp-json\/wp\/v2\/pages\/274\/revisions\/2270"}],"wp:attachment":[{"href":"https:\/\/www.kmu-beratung-luftfahrt.de\/index.php\/wp-json\/wp\/v2\/media?parent=274"}],"curies":[{"name":"wp","href":"https:\/\/api.w.org\/{rel}","templated":true}]}}