{"id":260,"date":"2020-09-18T11:45:50","date_gmt":"2020-09-18T09:45:50","guid":{"rendered":"https:\/\/www.lufo-info-day.de\/?page_id=260"},"modified":"2025-04-04T14:45:25","modified_gmt":"2025-04-04T12:45:25","slug":"forschungsthemen","status":"publish","type":"page","link":"https:\/\/www.kmu-beratung-luftfahrt.de\/index.php\/forschungsthemen\/","title":{"rendered":"Forschungsthemen"},"content":{"rendered":"\t\t<div data-elementor-type=\"wp-page\" data-elementor-id=\"260\" class=\"elementor elementor-260\" data-elementor-post-type=\"page\">\n\t\t\t\t<div class=\"elementor-element elementor-element-5cc3c195 e-flex e-con-boxed e-con e-parent\" data-id=\"5cc3c195\" data-element_type=\"container\">\n\t\t\t\t\t<div class=\"e-con-inner\">\n\t\t<div class=\"elementor-element elementor-element-738dbf9a e-con-full e-flex e-con e-child\" data-id=\"738dbf9a\" data-element_type=\"container\" data-settings=\"{&quot;background_background&quot;:&quot;classic&quot;}\">\n\t\t\t\t<div class=\"elementor-element elementor-element-6102f7a9 elementor-widget__width-initial elementor-widget elementor-widget-text-editor\" data-id=\"6102f7a9\" data-element_type=\"widget\" data-widget_type=\"text-editor.default\">\n\t\t\t\t<div class=\"elementor-widget-container\">\n\t\t\t\t\t\t\t\t\t<h2 style=\"text-align: center;\">Aktuelle Trends und Entwicklungen in der Luftfahrtforschung<\/h2>\t\t\t\t\t\t\t\t<\/div>\n\t\t\t\t<\/div>\n\t\t\t\t<\/div>\n\t\t\t\t\t<\/div>\n\t\t\t\t<\/div>\n\t\t<div class=\"elementor-element elementor-element-9af3cb3 e-flex e-con-boxed e-con e-parent\" data-id=\"9af3cb3\" data-element_type=\"container\">\n\t\t\t\t\t<div class=\"e-con-inner\">\n\t\t\t\t<div class=\"elementor-element elementor-element-18f6ed4 elementor-widget elementor-widget-text-editor\" data-id=\"18f6ed4\" data-element_type=\"widget\" data-widget_type=\"text-editor.default\">\n\t\t\t\t<div class=\"elementor-widget-container\">\n\t\t\t\t\t\t\t\t\t<p>Gerade f\u00fcr branchenfremde Klein- und Mittelst\u00e4ndische Unternehmen stellt die Luftfahrtbranche einen interessanten, jedoch sowohl thematisch als auch organisatorisch sehr komplexen Markt dar.<\/p>\n<p>Durch die starke Diversifizierung der Luftfahrtzulieferer in unterschiedlichsten Branchen, wie Mess- und Regelungstechnik, Maschinenbau, Automotive oder Elektronikindustrie, ist es von zentraler Bedeutung, ein Grundverst\u00e4ndnis gemeinsamer Forschungsthemen und -ziele zu haben. Wir m\u00f6chten den KMU durch unsere Informationen die M\u00f6glichkeit geben, vorab einsch\u00e4tzen zu k\u00f6nnen, ob das eigene Forschungsfeld eine Anwendung in der Luftfahrtbranche finden kann und ob ein Bedarf f\u00fcr Zulieferer vorhanden ist. Aus diesem Grund informieren wir Sie regelm\u00e4\u00dfig \u00fcber aktuelle technische Entwicklungen und Forschungsbedarfe oder auch \u00fcber neue Informationen zu Zertifizierungsverfahren oder rechtliche Rahmenbedingungen.<\/p>\n<p>Auf dieser Seite werden wir Ihnen zuk\u00fcnftig sowohl Themendossiers als auch Links zu wichtigen Informationen bereit stellen.<\/p>\t\t\t\t\t\t\t\t<\/div>\n\t\t\t\t<\/div>\n\t\t\t\t\t<\/div>\n\t\t\t\t<\/div>\n\t\t<div class=\"elementor-element elementor-element-a3496b2 e-flex e-con-boxed e-con e-parent\" data-id=\"a3496b2\" data-element_type=\"container\">\n\t\t\t\t\t<div class=\"e-con-inner\">\n\t\t\t\t<div class=\"elementor-element elementor-element-2cb05d8 elementor-widget elementor-widget-text-editor\" data-id=\"2cb05d8\" data-element_type=\"widget\" data-widget_type=\"text-editor.default\">\n\t\t\t\t<div class=\"elementor-widget-container\">\n\t\t\t\t\t\t\t\t\t<h3>Trends und Bedarfe bei aktuellen Forschungsthemen<\/h3>\n<p>Derzeit sehen wir insbesondere in den Bereichen des Hybrid-elektrischen Fliegens, der Wasserstofftechnologien und der Anwendungen im Bereich von KI und Digitalisierung ein gro\u00dfes Potential f\u00fcr die Luftfahrtforschung von Morgen. Zeitnah werden wir Ihnen hier Dossiers zu diesen Themen zur Verf\u00fcgung stellen.<\/p>\t\t\t\t\t\t\t\t<\/div>\n\t\t\t\t<\/div>\n\t\t\t\t<div class=\"elementor-element elementor-element-1adcb1a checklist elementor-widget elementor-widget-text-editor\" data-id=\"1adcb1a\" data-element_type=\"widget\" data-widget_type=\"text-editor.default\">\n\t\t\t\t<div class=\"elementor-widget-container\">\n\t\t\t\t\t\t\t\t\t<ul>\n<li>Hier haben wir Ihnen eine Liste der aktuellen Forschungsthemen in der Luftfahrt zusammen gestellt: <a href=\"https:\/\/www.kmu-beratung-luftfahrt.de\/index.php\/liste-der-forschungsthemen\/\">Liste der Forschungsthemen<\/a><\/li>\n<li>\u00dcber aktuelle Trends und Visionen in der Luftfahrtforschung k\u00f6nnen Sie sich auch in der Technologieroadmap des BDLI informieren: <a href=\"https:\/\/www.bdli.de\/\" target=\"_blank\" rel=\"noopener\">Link zur Website des BDLI<\/a><\/li>\n<li>Eine \u00dcbersicht der strategischen Forschungsagenda mit konkreten Ziele f\u00fcr die Luftfahrt finden Sie auf der Website von acare: <a href=\"https:\/\/acare4europe.org\/\" target=\"_blank\" rel=\"noopener\">Link zur Website von acare<\/a><\/li>\n<\/ul>\t\t\t\t\t\t\t\t<\/div>\n\t\t\t\t<\/div>\n\t\t\t\t<div class=\"elementor-element elementor-element-e04076e elementor-widget elementor-widget-text-editor\" data-id=\"e04076e\" data-element_type=\"widget\" data-widget_type=\"text-editor.default\">\n\t\t\t\t<div class=\"elementor-widget-container\">\n\t\t\t\t\t\t\t\t\t<h3>Informationen zu Zertifizierungsverfahren und rechtliche Rahmenbedingungen<\/h3>\n<p>Im Rahmen der Forschungsf\u00f6rderung in der Luftfahrt gibt es eine Vielzahl an Regularien und Rahmenbedingungen, die es zu beachten gibt. Wir listen Ihnen hier eine Auswahl an Themen auf:<\/p>\t\t\t\t\t\t\t\t<\/div>\n\t\t\t\t<\/div>\n\t\t\t\t<div class=\"elementor-element elementor-element-677517f checklist elementor-widget elementor-widget-text-editor\" data-id=\"677517f\" data-element_type=\"widget\" data-widget_type=\"text-editor.default\">\n\t\t\t\t<div class=\"elementor-widget-container\">\n\t\t\t\t\t\t\t\t\t<ul>\n<li>Defintion von KMU in der EU: <a href=\"https:\/\/eur-lex.europa.eu\/legal-content\/DE\/TXT\/?uri=LEGISSUM:n26026\" target=\"_blank\" rel=\"noopener\">Link zur Website<\/a><\/li>\n<li>Die Europ\u00e4ische Agentur f\u00fcr Flugsicherheit (EASA) erstellt und \u00fcberwacht einheitliche und hohe Sicherheits- und Umweltstandards auf europ\u00e4ischer Ebene. Dort finden Sie Vorschriften, Standardisierungen etc.: <a href=\"https:\/\/www.easa.europa.eu\/home\" target=\"_blank\" rel=\"noopener\">Link zur Website der EASA<\/a><\/li>\n<\/ul>\t\t\t\t\t\t\t\t<\/div>\n\t\t\t\t<\/div>\n\t\t\t\t<div class=\"elementor-element elementor-element-793e848 elementor-widget elementor-widget-html\" data-id=\"793e848\" data-element_type=\"widget\" data-widget_type=\"html.default\">\n\t\t\t\t<div class=\"elementor-widget-container\">\n\t\t\t\t\t<style>.checklist ul {\r\n  list-style: none;\r\n  padding-left: 0;\r\n  \/* margin: 0; *\/\r\n}\r\n\r\n.checklist ul li {\r\n  position: relative;\r\n  padding-left: 30px;\r\n  margin-bottom: 10px;\r\n}\r\n\r\n.checklist ul li::before {\r\n  font-family: \"Font Awesome 5 Free\";\r\n  content: \"\\f058\";\r\n  font-weight: 300; \/* 900 'solid' Icons *\/\r\n  position: absolute;\r\n  left: 0;\r\n  top: -6px;\r\n  color: #999;\r\n  font-size: 20px;\r\n}\r\n<\/style>\t\t\t\t<\/div>\n\t\t\t\t<\/div>\n\t\t\t\t<div class=\"elementor-element elementor-element-16c12ee elementor-widget elementor-widget-spacer\" data-id=\"16c12ee\" data-element_type=\"widget\" data-widget_type=\"spacer.default\">\n\t\t\t\t<div class=\"elementor-widget-container\">\n\t\t\t\t\t\t\t<div class=\"elementor-spacer\">\n\t\t\t<div class=\"elementor-spacer-inner\"><\/div>\n\t\t<\/div>\n\t\t\t\t\t\t<\/div>\n\t\t\t\t<\/div>\n\t\t\t\t\t<\/div>\n\t\t\t\t<\/div>\n\t\t\t\t<\/div>\n\t\t","protected":false},"excerpt":{"rendered":"<p>Aktuelle Trends und Entwicklungen in der Luftfahrtforschung Gerade f\u00fcr branchenfremde Klein- und Mittelst\u00e4ndische Unternehmen stellt die Luftfahrtbranche einen interessanten, jedoch sowohl thematisch als auch organisatorisch sehr komplexen Markt dar. Durch die starke Diversifizierung der Luftfahrtzulieferer in unterschiedlichsten Branchen, wie Mess- und Regelungstechnik, Maschinenbau, Automotive oder Elektronikindustrie, ist es von zentraler Bedeutung, ein Grundverst\u00e4ndnis gemeinsamer Forschungsthemen [&hellip;]<\/p>\n","protected":false},"author":1,"featured_media":0,"parent":0,"menu_order":0,"comment_status":"closed","ping_status":"closed","template":"","meta":{"site-sidebar-layout":"default","site-content-layout":"content-boxed-container","ast-site-content-layout":"default","site-content-style":"default","site-sidebar-style":"unboxed","ast-global-header-display":"","ast-banner-title-visibility":"","ast-main-header-display":"","ast-hfb-above-header-display":"","ast-hfb-below-header-display":"","ast-hfb-mobile-header-display":"","site-post-title":"","ast-breadcrumbs-content":"","ast-featured-img":"","footer-sml-layout":"","theme-transparent-header-meta":"default","adv-header-id-meta":"","stick-header-meta":"default","header-above-stick-meta":"","header-main-stick-meta":"","header-below-stick-meta":"","astra-migrate-meta-layouts":"set","ast-page-background-enabled":"default","ast-page-background-meta":{"desktop":{"background-color":"","background-image":"","background-repeat":"repeat","background-position":"center center","background-size":"auto","background-attachment":"scroll","background-type":"","background-media":"","overlay-type":"","overlay-color":"","overlay-opacity":"","overlay-gradient":""},"tablet":{"background-color":"","background-image":"","background-repeat":"repeat","background-position":"center center","background-size":"auto","background-attachment":"scroll","background-type":"","background-media":"","overlay-type":"","overlay-color":"","overlay-opacity":"","overlay-gradient":""},"mobile":{"background-color":"","background-image":"","background-repeat":"repeat","background-position":"center center","background-size":"auto","background-attachment":"scroll","background-type":"","background-media":"","overlay-type":"","overlay-color":"","overlay-opacity":"","overlay-gradient":""}},"ast-content-background-meta":{"desktop":{"background-color":"var(--ast-global-color-5)","background-image":"","background-repeat":"repeat","background-position":"center center","background-size":"auto","background-attachment":"scroll","background-type":"","background-media":"","overlay-type":"","overlay-color":"","overlay-opacity":"","overlay-gradient":""},"tablet":{"background-color":"var(--ast-global-color-5)","background-image":"","background-repeat":"repeat","background-position":"center center","background-size":"auto","background-attachment":"scroll","background-type":"","background-media":"","overlay-type":"","overlay-color":"","overlay-opacity":"","overlay-gradient":""},"mobile":{"background-color":"var(--ast-global-color-5)","background-image":"","background-repeat":"repeat","background-position":"center center","background-size":"auto","background-attachment":"scroll","background-type":"","background-media":"","overlay-type":"","overlay-color":"","overlay-opacity":"","overlay-gradient":""}},"iawp_total_views":56,"footnotes":""},"class_list":["post-260","page","type-page","status-publish","hentry"],"publishpress_future_action":{"enabled":false,"date":"2026-04-19 23:59:57","action":"change-status","newStatus":"draft","terms":[],"taxonomy":"","extraData":[]},"publishpress_future_workflow_manual_trigger":{"enabledWorkflows":[]},"_links":{"self":[{"href":"https:\/\/www.kmu-beratung-luftfahrt.de\/index.php\/wp-json\/wp\/v2\/pages\/260","targetHints":{"allow":["GET"]}}],"collection":[{"href":"https:\/\/www.kmu-beratung-luftfahrt.de\/index.php\/wp-json\/wp\/v2\/pages"}],"about":[{"href":"https:\/\/www.kmu-beratung-luftfahrt.de\/index.php\/wp-json\/wp\/v2\/types\/page"}],"author":[{"embeddable":true,"href":"https:\/\/www.kmu-beratung-luftfahrt.de\/index.php\/wp-json\/wp\/v2\/users\/1"}],"replies":[{"embeddable":true,"href":"https:\/\/www.kmu-beratung-luftfahrt.de\/index.php\/wp-json\/wp\/v2\/comments?post=260"}],"version-history":[{"count":0,"href":"https:\/\/www.kmu-beratung-luftfahrt.de\/index.php\/wp-json\/wp\/v2\/pages\/260\/revisions"}],"wp:attachment":[{"href":"https:\/\/www.kmu-beratung-luftfahrt.de\/index.php\/wp-json\/wp\/v2\/media?parent=260"}],"curies":[{"name":"wp","href":"https:\/\/api.w.org\/{rel}","templated":true}]}}